{"id":18,"date":"2025-05-26T20:04:26","date_gmt":"2025-05-26T20:04:26","guid":{"rendered":"http:\/\/34.31.63.227\/?page_id=18"},"modified":"2025-06-30T14:45:28","modified_gmt":"2025-06-30T20:45:28","slug":"nuestro-personal","status":"publish","type":"page","link":"https:\/\/amrisk.com.mx\/index.php\/nuestro-personal\/","title":{"rendered":"Nuestro personal"},"content":{"rendered":"\n<div class=\"wp-block-group alignfull has-global-padding is-layout-constrained wp-container-core-group-is-layout-d89aad35 wp-block-group-is-layout-constrained\" style=\"margin-top:0;margin-bottom:0;padding-top:var(--wp--preset--spacing--50);padding-right:var(--wp--preset--spacing--50);padding-bottom:var(--wp--preset--spacing--50);padding-left:var(--wp--preset--spacing--50)\">\n<div class=\"wp-block-columns alignwide are-vertically-aligned-center is-layout-flex wp-container-core-columns-is-layout-47c06fe3 wp-block-columns-is-layout-flex\">\n<div class=\"wp-block-column is-vertically-aligned-center is-layout-flow wp-block-column-is-layout-flow\" style=\"flex-basis:50%\">\n<h2 class=\"wp-block-heading\">&#8220;Somos especialistas en el asesoramiento de Seguros y Fianzas con m\u00e1s de 19 a\u00f1os de experiencia, por lo que hemos desarrollado la habilidad de detectar \u00e1reas de oportunidad que le permiten a nuestros clientes tener las mejores condiciones, t\u00e9rminos y costos en sus programas de Aseguramiento y Fianzas&#8221;.<\/h2>\n\n\n\n<p>&#8211; Lics. Ariadna Hern\u00e1ndez y Miroslava Gonz\u00e1lez &#8211; Direcci\u00f3n.<\/p>\n<\/div>\n\n\n\n<div class=\"wp-block-column is-vertically-aligned-center is-layout-flow wp-block-column-is-layout-flow\" style=\"flex-basis:50%\">\n<figure class=\"wp-block-image size-full is-style-rounded is-style-rounded--1\"><img loading=\"lazy\" decoding=\"async\" width=\"2048\" height=\"2048\" src=\"https:\/\/amrisk.com.mx\/wp-content\/uploads\/2025\/05\/Ejecutivos-conversando-sin-MA.jpg\" alt=\"\" class=\"wp-image-45\" style=\"aspect-ratio:4\/3;object-fit:cover\" srcset=\"https:\/\/amrisk.com.mx\/wp-content\/uploads\/2025\/05\/Ejecutivos-conversando-sin-MA.jpg 2048w, https:\/\/amrisk.com.mx\/wp-content\/uploads\/2025\/05\/Ejecutivos-conversando-sin-MA-300x300.jpg 300w, https:\/\/amrisk.com.mx\/wp-content\/uploads\/2025\/05\/Ejecutivos-conversando-sin-MA-1024x1024.jpg 1024w, https:\/\/amrisk.com.mx\/wp-content\/uploads\/2025\/05\/Ejecutivos-conversando-sin-MA-150x150.jpg 150w, https:\/\/amrisk.com.mx\/wp-content\/uploads\/2025\/05\/Ejecutivos-conversando-sin-MA-768x768.jpg 768w, https:\/\/amrisk.com.mx\/wp-content\/uploads\/2025\/05\/Ejecutivos-conversando-sin-MA-1536x1536.jpg 1536w\" sizes=\"auto, (max-width: 2048px) 100vw, 2048px\" \/><\/figure>\n<\/div>\n<\/div>\n<\/div>\n\n\n\n<div class=\"wp-block-group alignfull has-accent-5-background-color has-background has-global-padding is-layout-constrained wp-container-core-group-is-layout-d89aad35 wp-block-group-is-layout-constrained\" style=\"margin-top:0;margin-bottom:0;padding-top:var(--wp--preset--spacing--50);padding-right:var(--wp--preset--spacing--50);padding-bottom:var(--wp--preset--spacing--50);padding-left:var(--wp--preset--spacing--50)\">\n<h2 class=\"wp-block-heading\">Nuestros Objetivos<\/h2>\n\n\n\n<div class=\"wp-block-columns alignwide is-layout-flex wp-container-core-columns-is-layout-1da03c2a wp-block-columns-is-layout-flex\">\n<div class=\"wp-block-column is-vertically-aligned-center is-layout-flow wp-block-column-is-layout-flow\" style=\"flex-basis:60%\">\n<figure class=\"wp-block-image size-full is-style-rounded wp-duotone-duotone-1 is-style-rounded--2\"><img loading=\"lazy\" decoding=\"async\" width=\"768\" height=\"768\" src=\"https:\/\/amrisk.com.mx\/wp-content\/uploads\/2025\/06\/CaballoNegro.png\" alt=\"\" class=\"wp-image-88\" style=\"aspect-ratio:4\/3;object-fit:cover\" srcset=\"https:\/\/amrisk.com.mx\/wp-content\/uploads\/2025\/06\/CaballoNegro.png 768w, https:\/\/amrisk.com.mx\/wp-content\/uploads\/2025\/06\/CaballoNegro-300x300.png 300w, https:\/\/amrisk.com.mx\/wp-content\/uploads\/2025\/06\/CaballoNegro-150x150.png 150w\" sizes=\"auto, (max-width: 768px) 100vw, 768px\" \/><\/figure>\n<\/div>\n\n\n\n<div class=\"wp-block-column is-layout-flow wp-block-column-is-layout-flow\" style=\"flex-basis:40%\">\n<ul class=\"wp-block-list\">\n<li>An\u00e1lisis y benchmarking de br\u00f3ker y aseguradora.<\/li>\n\n\n\n<li>Revisi\u00f3n para realizar mejoras continuas con br\u00f3ker y aseguradora.<\/li>\n\n\n\n<li>Asesorar en la identificaci\u00f3n y an\u00e1lisis de riesgos que puedan afectar su operaci\u00f3n.<\/li>\n\n\n\n<li>Identificar los problemas cr\u00edticos de la operaci\u00f3n<\/li>\n\n\n\n<li>Asesor\u00eda personalizada por el equipo experto de transporte y seguros.<\/li>\n\n\n\n<li>Asesor\u00eda de proveedores en tecnolog\u00eda e IA (inteligencia Artificial).<\/li>\n<\/ul>\n<\/div>\n<\/div>\n<\/div>\n","protected":false},"excerpt":{"rendered":"<p>&#8220;Somos especialistas en el asesoramiento de Seguros y Fianzas con m\u00e1s de 19 a\u00f1os de experiencia, por lo que hemos desarrollado la habilidad de detectar \u00e1reas de oportunidad que le permiten a nuestros clientes tener las mejores condiciones, t\u00e9rminos y costos en sus programas de Aseguramiento y Fianzas&#8221;. &#8211; Lics. Ariadna Hern\u00e1ndez y Miroslava Gonz\u00e1lez [&hellip;]<\/p>\n","protected":false},"author":1,"featured_media":0,"parent":0,"menu_order":0,"comment_status":"closed","ping_status":"closed","template":"","meta":{"footnotes":""},"class_list":["post-18","page","type-page","status-publish","hentry"],"_links":{"self":[{"href":"https:\/\/amrisk.com.mx\/index.php\/wp-json\/wp\/v2\/pages\/18","targetHints":{"allow":["GET"]}}],"collection":[{"href":"https:\/\/amrisk.com.mx\/index.php\/wp-json\/wp\/v2\/pages"}],"about":[{"href":"https:\/\/amrisk.com.mx\/index.php\/wp-json\/wp\/v2\/types\/page"}],"author":[{"embeddable":true,"href":"https:\/\/amrisk.com.mx\/index.php\/wp-json\/wp\/v2\/users\/1"}],"replies":[{"embeddable":true,"href":"https:\/\/amrisk.com.mx\/index.php\/wp-json\/wp\/v2\/comments?post=18"}],"version-history":[{"count":13,"href":"https:\/\/amrisk.com.mx\/index.php\/wp-json\/wp\/v2\/pages\/18\/revisions"}],"predecessor-version":[{"id":135,"href":"https:\/\/amrisk.com.mx\/index.php\/wp-json\/wp\/v2\/pages\/18\/revisions\/135"}],"wp:attachment":[{"href":"https:\/\/amrisk.com.mx\/index.php\/wp-json\/wp\/v2\/media?parent=18"}],"curies":[{"name":"wp","href":"https:\/\/api.w.org\/{rel}","templated":true}]}}