{"id":72,"date":"2025-06-03T20:23:10","date_gmt":"2025-06-04T02:23:10","guid":{"rendered":"http:\/\/34.31.63.227\/?page_id=72"},"modified":"2025-06-30T14:29:19","modified_gmt":"2025-06-30T20:29:19","slug":"mision","status":"publish","type":"page","link":"https:\/\/amrisk.com.mx\/index.php\/mision\/","title":{"rendered":"Misi\u00f3n"},"content":{"rendered":"\n<div class=\"wp-block-group alignfull has-accent-3-background-color has-background is-vertical is-content-justification-center is-layout-flex wp-container-core-group-is-layout-623b1cb9 wp-block-group-is-layout-flex\" style=\"min-height:100vh;margin-top:0;margin-bottom:0;padding-top:var(--wp--preset--spacing--60);padding-right:var(--wp--preset--spacing--50);padding-bottom:var(--wp--preset--spacing--60);padding-left:var(--wp--preset--spacing--50)\">\n<div class=\"wp-block-group is-nowrap is-layout-flex wp-container-core-group-is-layout-6c531013 wp-block-group-is-layout-flex\">\n<figure class=\"wp-block-image size-full\"><img loading=\"lazy\" decoding=\"async\" width=\"1024\" height=\"1024\" src=\"https:\/\/amrisk.com.mx\/wp-content\/uploads\/2025\/06\/DosMujeresYunHombreAtardecer.png\" alt=\"\" class=\"wp-image-83\" srcset=\"https:\/\/amrisk.com.mx\/wp-content\/uploads\/2025\/06\/DosMujeresYunHombreAtardecer.png 1024w, https:\/\/amrisk.com.mx\/wp-content\/uploads\/2025\/06\/DosMujeresYunHombreAtardecer-300x300.png 300w, https:\/\/amrisk.com.mx\/wp-content\/uploads\/2025\/06\/DosMujeresYunHombreAtardecer-150x150.png 150w, https:\/\/amrisk.com.mx\/wp-content\/uploads\/2025\/06\/DosMujeresYunHombreAtardecer-768x768.png 768w\" sizes=\"auto, (max-width: 1024px) 100vw, 1024px\" \/><\/figure>\n\n\n\n<div class=\"wp-block-group has-global-padding is-layout-constrained wp-block-group-is-layout-constrained\">\n<div style=\"height:var(--wp--preset--spacing--10)\" aria-hidden=\"true\" class=\"wp-block-spacer\"><\/div>\n\n\n\n<h2 class=\"wp-block-heading has-text-align-center has-contrast-color has-text-color has-link-color has-x-large-font-size wp-elements-c32c757909b7bafeb6c43df27cb52170\" style=\"margin-right:0;margin-left:0;padding-right:0;padding-left:0\">\u00bfQui\u00e9nes somos?<\/h2>\n\n\n\n<p class=\"has-text-align-center\">Somos especialistas en el asesoramiento de Seguros y Fianzas con m\u00e1s de 18 a\u00f1os de experiencia, por lo que hemos desarrollado la habilidad de detectar \u00e1reas de oportunidad que le permiten a nuestros clientes tener las mejores condiciones, t\u00e9rminos y costos en sus programas de Aseguramiento y Fianzas<\/p>\n<\/div>\n<\/div>\n<\/div>\n\n\n\n<div class=\"wp-block-group alignfull has-accent-2-background-color has-background has-global-padding is-layout-constrained wp-container-core-group-is-layout-669513ed wp-block-group-is-layout-constrained\" style=\"margin-top:0;margin-bottom:0;padding-top:var(--wp--preset--spacing--50);padding-right:var(--wp--preset--spacing--50);padding-bottom:var(--wp--preset--spacing--50);padding-left:var(--wp--preset--spacing--50)\">\n<div class=\"wp-block-columns alignwide is-layout-flex wp-container-core-columns-is-layout-28f84493 wp-block-columns-is-layout-flex\">\n<div class=\"wp-block-column is-layout-flow wp-block-column-is-layout-flow\" style=\"flex-basis:60%\">\n<h2 class=\"wp-block-heading\">Visi\u00f3n<\/h2>\n\n\n\n<p class=\"has-heading-font-family has-x-large-font-size\" style=\"line-height:1.2\">\u201cSomos la empresa que ofrece a sus clientes asesor\u00edas y soluciones en seguros y fianzas, asegurando su patrimonio como si fuera nuestro\u201d<\/p>\n<\/div>\n<\/div>\n\n\n\n<figure class=\"wp-block-image alignwide size-full is-style-rounded is-style-rounded--1\"><img loading=\"lazy\" decoding=\"async\" width=\"768\" height=\"768\" src=\"https:\/\/amrisk.com.mx\/wp-content\/uploads\/2025\/06\/ConductorMexicano.png\" alt=\"\" class=\"wp-image-85\" srcset=\"https:\/\/amrisk.com.mx\/wp-content\/uploads\/2025\/06\/ConductorMexicano.png 768w, https:\/\/amrisk.com.mx\/wp-content\/uploads\/2025\/06\/ConductorMexicano-300x300.png 300w, https:\/\/amrisk.com.mx\/wp-content\/uploads\/2025\/06\/ConductorMexicano-150x150.png 150w\" sizes=\"auto, (max-width: 768px) 100vw, 768px\" \/><\/figure>\n<\/div>\n","protected":false},"excerpt":{"rendered":"<p>\u00bfQui\u00e9nes somos? Somos especialistas en el asesoramiento de Seguros y Fianzas con m\u00e1s de 18 a\u00f1os de experiencia, por lo que hemos desarrollado la habilidad de detectar \u00e1reas de oportunidad que le permiten a nuestros clientes tener las mejores condiciones, t\u00e9rminos y costos en sus programas de Aseguramiento y Fianzas Visi\u00f3n \u201cSomos la empresa que [&hellip;]<\/p>\n","protected":false},"author":1,"featured_media":0,"parent":0,"menu_order":0,"comment_status":"closed","ping_status":"closed","template":"","meta":{"footnotes":""},"class_list":["post-72","page","type-page","status-publish","hentry"],"_links":{"self":[{"href":"https:\/\/amrisk.com.mx\/index.php\/wp-json\/wp\/v2\/pages\/72","targetHints":{"allow":["GET"]}}],"collection":[{"href":"https:\/\/amrisk.com.mx\/index.php\/wp-json\/wp\/v2\/pages"}],"about":[{"href":"https:\/\/amrisk.com.mx\/index.php\/wp-json\/wp\/v2\/types\/page"}],"author":[{"embeddable":true,"href":"https:\/\/amrisk.com.mx\/index.php\/wp-json\/wp\/v2\/users\/1"}],"replies":[{"embeddable":true,"href":"https:\/\/amrisk.com.mx\/index.php\/wp-json\/wp\/v2\/comments?post=72"}],"version-history":[{"count":10,"href":"https:\/\/amrisk.com.mx\/index.php\/wp-json\/wp\/v2\/pages\/72\/revisions"}],"predecessor-version":[{"id":129,"href":"https:\/\/amrisk.com.mx\/index.php\/wp-json\/wp\/v2\/pages\/72\/revisions\/129"}],"wp:attachment":[{"href":"https:\/\/amrisk.com.mx\/index.php\/wp-json\/wp\/v2\/media?parent=72"}],"curies":[{"name":"wp","href":"https:\/\/api.w.org\/{rel}","templated":true}]}}